{"id":1106,"date":"2014-05-30T08:42:12","date_gmt":"2014-05-30T08:42:12","guid":{"rendered":"http:\/\/laolaconil.com\/frontpage-2\/"},"modified":"2024-05-31T12:16:33","modified_gmt":"2024-05-31T12:16:33","slug":"frontpage","status":"publish","type":"page","link":"https:\/\/laolaconil.com\/de\/","title":{"rendered":"Home Page"},"content":{"rendered":"<p>&nbsp;<\/p>\n<p><script type=\"text\/javascript\"\n\n src=\"https:\/\/www.covermanager.com\/js\/iframeResizer.min.js\"><\/script><iframe loading=\"lazy\"\n                                                            id=\"laola-conil\" title=\"Reservas\"\n                                                            src=\"https:\/\/www.covermanager.com\/reservation\/module_restaurant\/laola-conil\/english\"\n                                                            frameborder=\"0\" height=\"550\" width=\"100%\" onload=\"iFrameResize();\"><\/iframe><\/p>\n\t<div class=\"pixcode  pixcode--grid  grid\" >\n\t\t\t<div class=\"island grid__item six-twelfths palm-one-whole\" >\n\t\t\n<hgroup class=\"pixcode  pixcode--heading article__headline\">\n\t<h2 class=\"headline__secondary\"><span class=\"first-letter\">F<\/span>unde<\/h2>\n\t<h1 class=\"headline__primary\">La Ola<\/h1>\n<\/hgroup>\n<p style=\"text-align: center;\">La Ola\u00a0ist viel mehr als ein Restaurant, ist es ein Ort, Empfindungen zu leben. Genie\u00dfen Sie den Geschmack der Speisen, betrachten und das Rauschen des Meeres sp\u00fcren und lassen Sie den Abend genie\u00dfen Sie eines unserer Cocktails kommt.<\/p>\n<p style=\"text-align: center;\"><a  class=\"pixcode  pixcode--btn  btn  btn--text\"  >Uns<\/a>\n\t<\/div>\n\t<div class=\"grid__item six-twelfths palm-one-whole\" >\n\t\t\n\n\t\t\t<div class=\"content--gallery-slideshow\">\n\t\t\t\t<div class=\"pixslider  pixslider--gallery-slideshow  js-pixslider\"\n\t\t\t\t     data-arrows\n\t\t\t\t     data-imagescale=\"none\"\n\t\t\t\t     data-slidertransition=\"fade\"\n\t\t\t\t     data-autoheight\n\t\t\t\t     ><div class=\"gallery-item\" itemscope\n\t\t\t\t\t\t     itemtype=\"http:\/\/schema.org\/ImageObject\"\n\t\t\t\t\t\t     data-caption=\"\"\n\t\t\t\t\t\t     data-description=\"\">\n\t\t\t\t\t\t\t<img decoding=\"async\" src=\"https:\/\/laolaconil.com\/wp-content\/uploads\/2021\/09\/galeria3.jpg\" class=\"attachment-blog-big rsImg\"\n\t\t\t\t\t\t\t     alt=\"\"\n\t\t\t\t\t\t\t     itemprop=\"contentURL\"  \/>\n\t\t\t\t\t\t<\/div><div class=\"gallery-item\" itemscope\n\t\t\t\t\t\t     itemtype=\"http:\/\/schema.org\/ImageObject\"\n\t\t\t\t\t\t     data-caption=\"\"\n\t\t\t\t\t\t     data-description=\"\">\n\t\t\t\t\t\t\t<img decoding=\"async\" src=\"https:\/\/laolaconil.com\/wp-content\/uploads\/2021\/09\/galeria2.jpg\" class=\"attachment-blog-big rsImg\"\n\t\t\t\t\t\t\t     alt=\"\"\n\t\t\t\t\t\t\t     itemprop=\"contentURL\"  \/>\n\t\t\t\t\t\t<\/div><div class=\"gallery-item\" itemscope\n\t\t\t\t\t\t     itemtype=\"http:\/\/schema.org\/ImageObject\"\n\t\t\t\t\t\t     data-caption=\"\"\n\t\t\t\t\t\t     data-description=\"\">\n\t\t\t\t\t\t\t<img decoding=\"async\" src=\"https:\/\/laolaconil.com\/wp-content\/uploads\/2021\/09\/galeria1.jpg\" class=\"attachment-blog-big rsImg\"\n\t\t\t\t\t\t\t     alt=\"\"\n\t\t\t\t\t\t\t     itemprop=\"contentURL\"  \/>\n\t\t\t\t\t\t<\/div><\/div>\n\t\t<\/div><!-- .content .content--gallery-slideshow -->\n\t<\/div>\n\t<\/div>\n\n","protected":false},"excerpt":{"rendered":"<p>&nbsp;<\/p>\n","protected":false},"author":3,"featured_media":1159,"parent":0,"menu_order":0,"comment_status":"closed","ping_status":"closed","template":"","meta":{"footnotes":""},"_links":{"self":[{"href":"https:\/\/laolaconil.com\/de\/wp-json\/wp\/v2\/pages\/1106"}],"collection":[{"href":"https:\/\/laolaconil.com\/de\/wp-json\/wp\/v2\/pages"}],"about":[{"href":"https:\/\/laolaconil.com\/de\/wp-json\/wp\/v2\/types\/page"}],"author":[{"embeddable":true,"href":"https:\/\/laolaconil.com\/de\/wp-json\/wp\/v2\/users\/3"}],"replies":[{"embeddable":true,"href":"https:\/\/laolaconil.com\/de\/wp-json\/wp\/v2\/comments?post=1106"}],"version-history":[{"count":4,"href":"https:\/\/laolaconil.com\/de\/wp-json\/wp\/v2\/pages\/1106\/revisions"}],"predecessor-version":[{"id":2468,"href":"https:\/\/laolaconil.com\/de\/wp-json\/wp\/v2\/pages\/1106\/revisions\/2468"}],"wp:featuredmedia":[{"embeddable":true,"href":"https:\/\/laolaconil.com\/de\/wp-json\/wp\/v2\/media\/1159"}],"wp:attachment":[{"href":"https:\/\/laolaconil.com\/de\/wp-json\/wp\/v2\/media?parent=1106"}],"curies":[{"name":"wp","href":"https:\/\/api.w.org\/{rel}","templated":true}]}}